{"id":1625,"date":"2025-09-02T10:07:03","date_gmt":"2025-09-02T10:07:03","guid":{"rendered":"https:\/\/kimedes.ai\/privacy-policy\/"},"modified":"2025-10-31T10:05:41","modified_gmt":"2025-10-31T10:05:41","slug":"politica-de-privacidad","status":"publish","type":"page","link":"https:\/\/kimedes.ai\/es\/politica-de-privacidad\/","title":{"rendered":"Pol\u00edtica de privacidad"},"content":{"rendered":"\t\t<div data-elementor-type=\"wp-page\" data-elementor-id=\"1625\" class=\"elementor elementor-1625 elementor-3\" data-elementor-post-type=\"page\">\n\t\t\t\t<div class=\"elementor-element elementor-element-ebdef74 e-flex e-con-boxed e-con e-parent\" data-id=\"ebdef74\" data-element_type=\"container\" data-settings=\"{&quot;background_background&quot;:&quot;classic&quot;}\">\n\t\t\t\t\t<div class=\"e-con-inner\">\n\t\t\t\t<div class=\"elementor-element elementor-element-6dd4d45 elementor-widget elementor-widget-heading\" data-id=\"6dd4d45\" data-element_type=\"widget\" data-widget_type=\"heading.default\">\n\t\t\t\t\t<h1 class=\"elementor-heading-title elementor-size-default\">Pol\u00edtica de privacidad<\/h1>\t\t\t\t<\/div>\n\t\t\t\t\t<\/div>\n\t\t\t\t<\/div>\n\t\t<div class=\"elementor-element elementor-element-241c0a41 e-flex e-con-boxed e-con e-parent\" data-id=\"241c0a41\" data-element_type=\"container\">\n\t\t\t\t\t<div class=\"e-con-inner\">\n\t\t\t\t<div class=\"elementor-element elementor-element-616d630f elementor-widget elementor-widget-text-editor\" data-id=\"616d630f\" data-element_type=\"widget\" data-widget_type=\"text-editor.default\">\n\t\t\t\t\t\t\t\t\t<div class=\"mYVXT\"><div class=\"LS81yb VICjCf j5pSsc db35Fc\" tabindex=\"-1\"><div class=\"hJDwNd-AhqUyc-uQSCkd Ft7HRd-AhqUyc-uQSCkd purZT-AhqUyc-II5mzb ZcASvf-AhqUyc-II5mzb pSzOP-AhqUyc-qWD73c Ktthjf-AhqUyc-qWD73c JNdkSc SQVYQc\"><div class=\"JNdkSc-SmKAyb LkDMRd\"><div class=\"\"><div class=\"oKdM2c ZZyype Kzv0Me\"><div id=\"h.21e983e3ef0bb79a_5\" class=\"hJDwNd-AhqUyc-uQSCkd Ft7HRd-AhqUyc-uQSCkd jXK9ad D2fZ2 zu5uec OjCsFc dmUFtb wHaque g5GTcb\"><div class=\"jXK9ad-SmKAyb\"><div class=\"tyJCtd mGzaTb Depvyb baZpAe\"><p class=\"zfr3Q CDt4Ke \" dir=\"ltr\"><span class=\"C9DxTc \">Pol\u00edtica de privacidad<\/span><span class=\"C9DxTc \"><br \/><\/span>Fecha efectiva<span class=\"C9DxTc \">: July 11th, 2025<\/span><\/p><div id=\"h.xbrcm0bigj9o\" class=\"GV3q8e yMxPgf aP9Z7e\">\u00a0<\/div><h3 id=\"h.xbrcm0bigj9o_l\" class=\"zfr3Q OmQG5e CDt4Ke \" dir=\"ltr\"><span class=\"C9DxTc \">Introducci\u00f3n<\/span><\/h3><p class=\"zfr3Q CDt4Ke \" dir=\"ltr\">La presente Pol\u00edtica de Privacidad ha sido desarrollada de acuerdo con el que establece la vigente Ley Org\u00e1nica de Protecci\u00f3n de Datos de Car\u00e1cter Personal, as\u00ed como el Reglamento 2016\/679 del Parlamento Europeo y del Consejo de 27 de abril de 2016, relativo a la protecci\u00f3n de las personas f\u00edsicas en cuanto al tratamiento de datos personales y a la libre circulaci\u00f3n de estos datos, de ahora en adelante RGPD.<\/p><p class=\"zfr3Q CDt4Ke \" dir=\"ltr\">La presente Pol\u00edtica de Privacidad tiene por objeto informar las personas los datos personales de las cuales se recogen sobre aspectos concretos del tratamiento de sus datos, incluidas las finalidades del tratamiento, los plazos de conservaci\u00f3n de la informaci\u00f3n, los datos de contacto para el ejercicio de sus derechos, y las medidas de seguridad, entre otras.<\/p><div id=\"h.8ga68wpqunkp\" class=\"GV3q8e yMxPgf aP9Z7e\">\u00a0<\/div><h3 id=\"h.8ga68wpqunkp_l\" class=\"zfr3Q OmQG5e CDt4Ke \" dir=\"ltr\">Responsable del tratamiento<\/h3><p class=\"zfr3Q CDt4Ke \" dir=\"ltr\">En materia de protecci\u00f3n de datos, Kimedes Artificial Intelligence S.L. (de ahora en adelante Kimedes) es considerado el Responsable del Tratamiento de los Datos relativos a los ficheros\/procesamientos identificados en esta pol\u00edtica, concretamente en el Tratamiento de Datos.<\/p><p class=\"zfr3Q CDt4Ke \" dir=\"ltr\">A continuaci\u00f3n se detallan los datos identificativos del titular de este sitio web:<\/p><p class=\"zfr3Q CDt4Ke \" dir=\"ltr\"><span class=\"C9DxTc \">Responsable del tratamiento<\/span><span class=\"C9DxTc \">: Kimedes Artificial Intelligence S.L.<\/span><span class=\"C9DxTc \"><br \/><\/span>Direcci\u00f3n postal<span class=\"C9DxTc \">: Calle Tramontana 92, 08358 Arenys de Munt, Barcelona, Spain.<\/span><span class=\"C9DxTc \"><br \/><\/span> <span class=\"C9DxTc \">Email address<\/span><span class=\"C9DxTc \">: info@kimedes.ai<\/span><span class=\"C9DxTc \"><br \/><\/span><span class=\"C9DxTc \">\u00a0<\/span><\/p><p class=\"zfr3Q CDt4Ke \" dir=\"ltr\"><span class=\"C9DxTc \">Tratamiento de datos<\/span><\/p><p class=\"zfr3Q CDt4Ke \" dir=\"ltr\">Los datos personales solicitados, si procede, solo consistir\u00e1n en la informaci\u00f3n estrictamente necesaria para identificar y dar respuesta a la solicitud realizada por el interesado. Esta informaci\u00f3n ser\u00e1 tratada de manera justa, l\u00edcita y transparente respecto al interesado. Adem\u00e1s, los datos personales se recoger\u00e1n para finalidades espec\u00edficas, expl\u00edcitas y leg\u00edtimas, y no se tratar\u00e1n posteriormente de manera incompatible con estas finalidades.<\/p><p class=\"zfr3Q CDt4Ke \" dir=\"ltr\">Los datos recogidos de cada persona interesada ser\u00e1n adecuadas, pertinentes y no excesivas en relaci\u00f3n con las finalidades correspondientes para cada caso, y se actualizar\u00e1n siempre que sea necesario.<\/p><p class=\"zfr3Q CDt4Ke \" dir=\"ltr\">El interesado ser\u00e1 informado, con car\u00e1cter previo a la recogida de sus datos, de los aspectos generales regulados en esta pol\u00edtica con el fin de prestar el consentimiento expreso, preciso e inequ\u00edvoco para el tratamiento de sus datos, de acuerdo con los siguientes aspectos.<\/p><h3 id=\"h.aq081ingbsyo_l\" class=\"zfr3Q OmQG5e CDt4Ke \" dir=\"ltr\">Finalidad del tratamiento de datos<\/h3><p class=\"zfr3Q CDt4Ke \" dir=\"ltr\">Las finalidades expl\u00edcitas para las cuales se realiza cada tratamiento de datos se indican en las cl\u00e1usulas informativas incluidas en cada m\u00e9todo de recogida de datos (formularios web, formularios en papel, mensajes de voz o carteles, y notas informativas).<\/p><p class=\"zfr3Q CDt4Ke \" dir=\"ltr\">Sin embargo, los datos personales del interesado ser\u00e1n tratadas \u00fanicamente con el fin de dar una respuesta efectiva y atender las solicitudes realizadas por el usuario, seg\u00fan se especifique junto a la opci\u00f3n, servicio, formulario o sistema de recogida de datos utilizado por el interesado.<\/p><div id=\"h.9e1e6x6bqx1w\" class=\"GV3q8e yMxPgf aP9Z7e\">\u00a0<\/div><h3 id=\"h.9e1e6x6bqx1w_l\" class=\"zfr3Q OmQG5e CDt4Ke \" dir=\"ltr\"><span class=\"C9DxTc \">Legitimici\u00f3n<\/span><\/h3><p class=\"zfr3Q CDt4Ke \" dir=\"ltr\">Como norma general, con car\u00e1cter previo al tratamiento de los datos personales, Kimedes obtiene el consentimiento expl\u00edcito e inequ\u00edvoco del interesado mediante la incorporaci\u00f3n de cl\u00e1usulas de consentimiento informado a los diferentes sistemas de recogida de informaci\u00f3n.<\/p><p class=\"zfr3Q CDt4Ke \" dir=\"ltr\">Sin embargo, si no se requiere el consentimiento del interesado, la base legal para el tratamiento por parte de Kimedes es la existencia de una ley o reglamento espec\u00edfico que autoriza o requiere el tratamiento de los datos del interesado.<\/p><p class=\"zfr3Q CDt4Ke \" dir=\"ltr\">Como norma general, Kimedes no transfiere ni comunica datos a terceros, excepto por obligaci\u00f3n legal. Sin embargo, si fuera necesario, estas transferencias o comunicaciones de datos se comunicar\u00e1n al interesado a trav\u00e9s de las cl\u00e1usulas de consentimiento informado contenidas en los diferentes m\u00e9todos de recogida de datos personales.<\/p><div id=\"h.wv4zekzaeaei\" class=\"GV3q8e yMxPgf aP9Z7e\">\u00a0<\/div><h3 id=\"h.wv4zekzaeaei_l\" class=\"zfr3Q OmQG5e CDt4Ke \" dir=\"ltr\"><span class=\"C9DxTc \">Origen<\/span><\/h3><p class=\"zfr3Q CDt4Ke \" dir=\"ltr\">Como norma general, los datos personales siempre se recogen directamente del interesado. Sin embargo, en determinadas excepciones, los datos podr\u00e1n ser recogidas a trav\u00e9s de terceros, entidades o servicios diferentes del interesado. En este sentido, este se comunicar\u00e1 al interesado a trav\u00e9s de las cl\u00e1usulas de consentimiento informado contenidas en los diferentes m\u00e9todos de recogida de datos y en un plazo razonable, una vez obtenidas los datos, y no m\u00e1s tarde de un mes.<\/p><div id=\"h.mzg7ihdv554d\" class=\"GV3q8e yMxPgf aP9Z7e\">\u00a0<\/div><h3 id=\"h.mzg7ihdv554d_l\" class=\"zfr3Q OmQG5e CDt4Ke \" dir=\"ltr\">Periodos de retenci\u00f3n<\/h3><p class=\"zfr3Q CDt4Ke \" dir=\"ltr\">La informaci\u00f3n recogida del interesado se conservar\u00e1 durante el tiempo necesario para cumplir con la finalidad para la cual se recogieron los datos personales, de forma que una vez cumplida la finalidad, los datos ser\u00e1n supresos. Esta supresi\u00f3n dar\u00e1 lugar al bloqueo de los datos, quedando \u00fanicamente a disposici\u00f3n de las autoridades p\u00fablicas, tribunales y tribunales para atender las responsabilidades que se deriven del tratamiento, durante el estatuto de limitaci\u00f3n de estas responsabilidades. Despu\u00e9s de este periodo, la informaci\u00f3n ser\u00e1 destruida.<\/p><div id=\"h.3xth7omyocek\" class=\"GV3q8e yMxPgf aP9Z7e\">\u00a0<\/div><h3 id=\"h.3xth7omyocek_l\" class=\"zfr3Q OmQG5e CDt4Ke \" dir=\"ltr\">Navegaci\u00f3n de datos<\/h3><p class=\"zfr3Q CDt4Ke \" dir=\"ltr\">En cuanto a los datos de navegaci\u00f3n que se pueden tratar a trav\u00e9s del sitio web, si se recogen datos objeto de normativa, se recomienda consultar la Pol\u00edtica de Cookies publicada a nuestro sitio web.<\/p><div id=\"h.lqpwuznjgio6\" class=\"GV3q8e yMxPgf aP9Z7e\">\u00a0<\/div><h3 id=\"h.lqpwuznjgio6_l\" class=\"zfr3Q OmQG5e CDt4Ke \" dir=\"ltr\">Derechos de los interesados<\/h3><p class=\"zfr3Q CDt4Ke \" dir=\"ltr\">La normativa de protecci\u00f3n de datos otorga determinados derechos a los interesados, que son usuarios del sitio web o usuarios de los perfiles de redes sociales de Kimedes.<\/p><p class=\"zfr3Q CDt4Ke \" dir=\"ltr\">Los derechos que tienen las personas son los siguientes:<\/p><ul class=\"n8H08c UVNKR \"><li class=\"zfr3Q TYR86d eD0Rn \" dir=\"ltr\"><p class=\"zfr3Q CDt4Ke \" dir=\"ltr\" role=\"presentation\"><span class=\"C9DxTc \">Derecho de acceso: derecho a obtener informaci\u00f3n sobre si se tratan datos personales de la persona interesada, la finalidad del tratamiento, las categor\u00edas de datos que se tratan, los destinatarios o categor\u00edas de destinatarios, el plazo de conservaci\u00f3n y el origen de estos datos.<\/span><\/p><\/li><li class=\"zfr3Q TYR86d eD0Rn \" dir=\"ltr\"><p class=\"zfr3Q CDt4Ke \" dir=\"ltr\" role=\"presentation\"><span class=\"C9DxTc \">Derecho de rectificaci\u00f3n: derecho a obtener la rectificaci\u00f3n de los datos personales inexactos o incompletas.<\/span><\/p><\/li><li class=\"zfr3Q TYR86d eD0Rn \" dir=\"ltr\"><p class=\"zfr3Q CDt4Ke \" dir=\"ltr\" role=\"presentation\"><span class=\"C9DxTc \">Derecho de supresi\u00f3n: derecho a obtener la supresi\u00f3n de los datos en los siguientes casos:<\/span><\/p><ul class=\"n8H08c UVNKR \"><li class=\"zfr3Q TYR86d eD0Rn \" dir=\"ltr\"><p class=\"zfr3Q CDt4Ke \" dir=\"ltr\" role=\"presentation\"><span class=\"C9DxTc \">Cuando los datos ya no sean necesarias para las finalidades para las cuales fueron recogidas.<\/span><\/p><\/li><li class=\"zfr3Q TYR86d eD0Rn \" dir=\"ltr\"><p class=\"zfr3Q CDt4Ke \" dir=\"ltr\" role=\"presentation\"><span class=\"C9DxTc \">Cuando el interesado retire su consentimiento.<\/span><\/p><\/li><li class=\"zfr3Q TYR86d eD0Rn \" dir=\"ltr\"><p class=\"zfr3Q CDt4Ke \" dir=\"ltr\" role=\"presentation\"><span class=\"C9DxTc \">Cuando el interesado se oponga al tratamiento.<\/span><\/p><\/li><li class=\"zfr3Q TYR86d eD0Rn \" dir=\"ltr\"><p class=\"zfr3Q CDt4Ke \" dir=\"ltr\" role=\"presentation\"><span class=\"C9DxTc \">Cuando los datos se tengan que suprimir para cumplir con una obligaci\u00f3n legal.<\/span><\/p><\/li><li class=\"zfr3Q TYR86d eD0Rn \" dir=\"ltr\"><p class=\"zfr3Q CDt4Ke \" dir=\"ltr\" role=\"presentation\"><span class=\"C9DxTc \">Cuando los datos se hayan obtenido en el contexto de la prestaci\u00f3n de servicios de la sociedad de la informaci\u00f3n basados en el apartado 1 del art\u00edculo 8 del Reglamento Europeo de Protecci\u00f3n de Datos.<\/span><\/p><p>\u00a0<\/p><\/li><\/ul><\/li><li class=\"zfr3Q TYR86d eD0Rn \" dir=\"ltr\"><p class=\"zfr3Q CDt4Ke \" dir=\"ltr\" role=\"presentation\"><span class=\"C9DxTc \">Derecho de oposici\u00f3n: derecho a oponerse a un tratamiento espec\u00edfico basado en el consentimiento del interesado.<\/span><\/p><\/li><li class=\"zfr3Q TYR86d eD0Rn \" dir=\"ltr\"><p class=\"zfr3Q CDt4Ke \" dir=\"ltr\" role=\"presentation\"><span class=\"C9DxTc \">Derecho a la limitaci\u00f3n del tratamiento: derecho a obtener la limitaci\u00f3n del tratamiento de los datos en los siguientes casos:<\/span><\/p><ul class=\"n8H08c UVNKR \"><li class=\"zfr3Q TYR86d eD0Rn \" dir=\"ltr\"><p class=\"zfr3Q CDt4Ke \" dir=\"ltr\" role=\"presentation\"><span class=\"C9DxTc \">Cuando el interesado impugne la exactitud de los datos personales, durante un plazo que permita a la empresa verificar la exactitud de los datos.<\/span><\/p><\/li><li class=\"zfr3Q TYR86d eD0Rn \" dir=\"ltr\"><p class=\"zfr3Q CDt4Ke \" dir=\"ltr\" role=\"presentation\"><span class=\"C9DxTc \">Cuando el tratamiento sea il\u00edcito y el interesado se oponga a la supresi\u00f3n de los datos.<\/span><\/p><\/li><li class=\"zfr3Q TYR86d eD0Rn \" dir=\"ltr\"><p class=\"zfr3Q CDt4Ke \" dir=\"ltr\" role=\"presentation\"><span class=\"C9DxTc \">Cuando la empresa ya no necesite los datos para las finalidades para las cuales fueron recogidas, pero el interesado las necesite para la formulaci\u00f3n, el ejercicio o la defensa de reclamaciones.<\/span><\/p><\/li><li class=\"zfr3Q TYR86d eD0Rn \" dir=\"ltr\"><p class=\"zfr3Q CDt4Ke \" dir=\"ltr\" role=\"presentation\"><span class=\"C9DxTc \">Cuando el interesado se haya opuesto al tratamiento, pendiente de verificaci\u00f3n de si los motivos leg\u00edtimos de la empresa prevalecen sobre los del interesado.<\/span><\/p><p>\u00a0<\/p><\/li><\/ul><\/li><li class=\"zfr3Q TYR86d eD0Rn \" dir=\"ltr\"><p class=\"zfr3Q CDt4Ke \" dir=\"ltr\" role=\"presentation\"><span class=\"C9DxTc \">Derecho a la portabilidad de los datos: derecho a recibir los datos personales en un formato estructurado, de uso com\u00fan y de lectura mec\u00e1nica, y a transmitirlas a otro responsable del tratamiento cu\u00e1ndo:<\/span><\/p><ul class=\"n8H08c UVNKR \"><li class=\"zfr3Q TYR86d eD0Rn \" dir=\"ltr\"><p class=\"zfr3Q CDt4Ke \" dir=\"ltr\" role=\"presentation\"><span class=\"C9DxTc \">El tratamiento se basa en el consentimiento.<\/span><\/p><\/li><li class=\"zfr3Q TYR86d eD0Rn \" dir=\"ltr\"><p class=\"zfr3Q CDt4Ke \" dir=\"ltr\" role=\"presentation\"><span class=\"C9DxTc \">El tratamiento se realiza por medios automatizados.<\/span><\/p><\/li><\/ul><\/li><li class=\"zfr3Q TYR86d eD0Rn \" dir=\"ltr\"><p class=\"zfr3Q CDt4Ke \" dir=\"ltr\" role=\"presentation\"><span class=\"C9DxTc \">Derecho a presentar una reclamaci\u00f3n ante la autoridad de control.<\/span><\/p><p>\u00a0<\/p><\/li><\/ul><p class=\"zfr3Q CDt4Ke \" dir=\"ltr\"><span class=\"C9DxTc \">Los interesados podr\u00e1n ejercitar los derechos mencionados dirigi\u00e9ndose por escrito a Kimedes Artificial Intelligence S.L., dirigido a la siguiente direcci\u00f3n: info@kimedes.ai, indicando el derecho que desean ejercer en la l\u00ednea del asunto.<\/span><\/p><p class=\"zfr3Q CDt4Ke \" dir=\"ltr\">En este sentido, Kimedes Artificial Intelligence S.L. abordar\u00e1 su solicitud lo antes posible, teniendo en cuenta los plazos establecidos en la normativa de protecci\u00f3n de datos.<\/p><div id=\"h.u7nn8vj9hue6\" class=\"GV3q8e yMxPgf aP9Z7e\">\u00a0<\/div><h3 id=\"h.u7nn8vj9hue6_l\" class=\"zfr3Q OmQG5e CDt4Ke \" dir=\"ltr\"><span class=\"C9DxTc \">Seguridad<\/span><\/h3><p class=\"zfr3Q CDt4Ke \" dir=\"ltr\">Las medidas de seguridad adoptadas por Kimedes son las necesarias de acuerdo con el art\u00edculo 32 del RGPD. En este sentido, Kimedes, teniendo en cuenta el estado de la t\u00e9cnica, los costes de implementaci\u00f3n, la naturaleza, el alcance, el contexto y las finalidades del tratamiento, as\u00ed como los diversos riesgos de probabilidad y gravedad a los derechos y libertades de las personas, ha establecido las medidas t\u00e9cnicas y organizativas adecuadas para garantizar el nivel de seguridad adecuado al riesgo existente.<\/p><p class=\"zfr3Q CDt4Ke \" dir=\"ltr\"><span class=\"C9DxTc \">En cualquier caso, Kimedes ha implementado mecanismos suficientes por:<\/span><\/p><ul class=\"n8H08c UVNKR \"><li class=\"zfr3Q TYR86d eD0Rn \" dir=\"ltr\"><p class=\"zfr3Q CDt4Ke \" dir=\"ltr\" role=\"presentation\"><span class=\"C9DxTc \">Garantizar la confidencialidad permanente, integridad, disponibilidad y resiliencia de los sistemas y servicios de procesamiento.<\/span><\/p><\/li><li class=\"zfr3Q TYR86d eD0Rn \" dir=\"ltr\"><p class=\"zfr3Q CDt4Ke \" dir=\"ltr\" role=\"presentation\"><span class=\"C9DxTc \">Restaurar la disponibilidad y el acceso a los datos personales r\u00e1pidamente en caso de incidente f\u00edsico o t\u00e9cnico.<\/span><\/p><\/li><li class=\"zfr3Q TYR86d eD0Rn \" dir=\"ltr\"><p class=\"zfr3Q CDt4Ke \" dir=\"ltr\" role=\"presentation\"><span class=\"C9DxTc \">Verificar, valorar y evaluar peri\u00f3dicamente la eficacia de las medidas t\u00e9cnicas y organizativas implantadas para garantizar la seguridad del tratamiento.<\/span><\/p><\/li><li class=\"zfr3Q TYR86d eD0Rn \" dir=\"ltr\"><p class=\"zfr3Q CDt4Ke \" dir=\"ltr\" role=\"presentation\"><span class=\"C9DxTc \">Pseud\u00f3nimo y cifrado de datos personales, si procede.<\/span><\/p><\/li><\/ul><\/div><\/div><\/div><\/div><\/div><\/div><\/div><\/div><\/div>\t\t\t\t\t\t\t\t<\/div>\n\t\t\t\t\t<\/div>\n\t\t\t\t<\/div>\n\t\t\t\t<\/div>\n\t\t","protected":false},"excerpt":{"rendered":"<p>Pol\u00edtica de privacidadFecha efectiva: July 11th, 2025 \u00a0 Introducci\u00f3n La presente Pol\u00edtica de Privacidad ha sido desarrollada de acuerdo con el que establece la vigente Ley Org\u00e1nica de Protecci\u00f3n de Datos de Car\u00e1cter Personal, as\u00ed como el Reglamento 2016\/679 del Parlamento Europeo y del Consejo de 27 de abril de 2016, relativo a la protecci\u00f3n [&hellip;]<\/p>\n","protected":false},"author":1,"featured_media":0,"parent":0,"menu_order":0,"comment_status":"closed","ping_status":"closed","template":"","meta":{"ocean_post_layout":"","ocean_both_sidebars_style":"","ocean_both_sidebars_content_width":0,"ocean_both_sidebars_sidebars_width":0,"ocean_sidebar":"0","ocean_second_sidebar":"0","ocean_disable_margins":"enable","ocean_add_body_class":"","ocean_shortcode_before_top_bar":"","ocean_shortcode_after_top_bar":"","ocean_shortcode_before_header":"","ocean_shortcode_after_header":"","ocean_has_shortcode":"","ocean_shortcode_after_title":"","ocean_shortcode_before_footer_widgets":"","ocean_shortcode_after_footer_widgets":"","ocean_shortcode_before_footer_bottom":"","ocean_shortcode_after_footer_bottom":"","ocean_display_top_bar":"default","ocean_display_header":"default","ocean_header_style":"","ocean_center_header_left_menu":"0","ocean_custom_header_template":"0","ocean_custom_logo":0,"ocean_custom_retina_logo":0,"ocean_custom_logo_max_width":0,"ocean_custom_logo_tablet_max_width":0,"ocean_custom_logo_mobile_max_width":0,"ocean_custom_logo_max_height":0,"ocean_custom_logo_tablet_max_height":0,"ocean_custom_logo_mobile_max_height":0,"ocean_header_custom_menu":"0","ocean_menu_typo_font_family":"0","ocean_menu_typo_font_subset":"","ocean_menu_typo_font_size":0,"ocean_menu_typo_font_size_tablet":0,"ocean_menu_typo_font_size_mobile":0,"ocean_menu_typo_font_size_unit":"px","ocean_menu_typo_font_weight":"","ocean_menu_typo_font_weight_tablet":"","ocean_menu_typo_font_weight_mobile":"","ocean_menu_typo_transform":"","ocean_menu_typo_transform_tablet":"","ocean_menu_typo_transform_mobile":"","ocean_menu_typo_line_height":0,"ocean_menu_typo_line_height_tablet":0,"ocean_menu_typo_line_height_mobile":0,"ocean_menu_typo_line_height_unit":"","ocean_menu_typo_spacing":0,"ocean_menu_typo_spacing_tablet":0,"ocean_menu_typo_spacing_mobile":0,"ocean_menu_typo_spacing_unit":"","ocean_menu_link_color":"","ocean_menu_link_color_hover":"","ocean_menu_link_color_active":"","ocean_menu_link_background":"","ocean_menu_link_hover_background":"","ocean_menu_link_active_background":"","ocean_menu_social_links_bg":"","ocean_menu_social_hover_links_bg":"","ocean_menu_social_links_color":"","ocean_menu_social_hover_links_color":"","ocean_disable_title":"default","ocean_disable_heading":"default","ocean_post_title":"","ocean_post_subheading":"","ocean_post_title_style":"","ocean_post_title_background_color":"","ocean_post_title_background":0,"ocean_post_title_bg_image_position":"","ocean_post_title_bg_image_attachment":"","ocean_post_title_bg_image_repeat":"","ocean_post_title_bg_image_size":"","ocean_post_title_height":0,"ocean_post_title_bg_overlay":0.5,"ocean_post_title_bg_overlay_color":"","ocean_disable_breadcrumbs":"default","ocean_breadcrumbs_color":"","ocean_breadcrumbs_separator_color":"","ocean_breadcrumbs_links_color":"","ocean_breadcrumbs_links_hover_color":"","ocean_display_footer_widgets":"default","ocean_display_footer_bottom":"default","ocean_custom_footer_template":"0","footnotes":""},"class_list":["post-1625","page","type-page","status-publish","hentry","entry"],"_links":{"self":[{"href":"https:\/\/kimedes.ai\/es\/wp-json\/wp\/v2\/pages\/1625","targetHints":{"allow":["GET"]}}],"collection":[{"href":"https:\/\/kimedes.ai\/es\/wp-json\/wp\/v2\/pages"}],"about":[{"href":"https:\/\/kimedes.ai\/es\/wp-json\/wp\/v2\/types\/page"}],"author":[{"embeddable":true,"href":"https:\/\/kimedes.ai\/es\/wp-json\/wp\/v2\/users\/1"}],"replies":[{"embeddable":true,"href":"https:\/\/kimedes.ai\/es\/wp-json\/wp\/v2\/comments?post=1625"}],"version-history":[{"count":4,"href":"https:\/\/kimedes.ai\/es\/wp-json\/wp\/v2\/pages\/1625\/revisions"}],"predecessor-version":[{"id":1630,"href":"https:\/\/kimedes.ai\/es\/wp-json\/wp\/v2\/pages\/1625\/revisions\/1630"}],"wp:attachment":[{"href":"https:\/\/kimedes.ai\/es\/wp-json\/wp\/v2\/media?parent=1625"}],"curies":[{"name":"wp","href":"https:\/\/api.w.org\/{rel}","templated":true}]}}