{"id":1610,"date":"2025-09-25T10:30:56","date_gmt":"2025-09-25T10:30:56","guid":{"rendered":"https:\/\/kimedes.ai\/legal-disclaimer\/"},"modified":"2025-10-31T09:48:16","modified_gmt":"2025-10-31T09:48:16","slug":"aviso-legal","status":"publish","type":"page","link":"https:\/\/kimedes.ai\/es\/aviso-legal\/","title":{"rendered":"Aviso legal"},"content":{"rendered":"\t\t<div data-elementor-type=\"wp-page\" data-elementor-id=\"1610\" class=\"elementor elementor-1610 elementor-1211\" data-elementor-post-type=\"page\">\n\t\t\t\t<div class=\"elementor-element elementor-element-ebdef74 e-flex e-con-boxed e-con e-parent\" data-id=\"ebdef74\" data-element_type=\"container\" data-settings=\"{&quot;background_background&quot;:&quot;classic&quot;}\">\n\t\t\t\t\t<div class=\"e-con-inner\">\n\t\t\t\t<div class=\"elementor-element elementor-element-6dd4d45 elementor-widget elementor-widget-heading\" data-id=\"6dd4d45\" data-element_type=\"widget\" data-widget_type=\"heading.default\">\n\t\t\t\t\t<h1 class=\"elementor-heading-title elementor-size-default\">Aviso legal<\/h1>\t\t\t\t<\/div>\n\t\t\t\t\t<\/div>\n\t\t\t\t<\/div>\n\t\t<div class=\"elementor-element elementor-element-241c0a41 e-flex e-con-boxed e-con e-parent\" data-id=\"241c0a41\" data-element_type=\"container\">\n\t\t\t\t\t<div class=\"e-con-inner\">\n\t\t\t\t<div class=\"elementor-element elementor-element-616d630f elementor-widget elementor-widget-text-editor\" data-id=\"616d630f\" data-element_type=\"widget\" data-widget_type=\"text-editor.default\">\n\t\t\t\t\t\t\t\t\t<p>1. DISPOSICIONES INICIALES<\/p><p>El dominio www.kimedes.ai (\u201ceste sitio web\u201d) es propiedad y operado por KIMEDES ARTIFICIAL INTELLIGENCE, S.L., sociedad de responsabilidad limitada existente en virtud de la legislaci\u00f3n espa\u00f1ola, con domicilio social a Tramontana 92, Arenys de Munt, 08358, Barcelona, CIF B75632604, inscrita en el Registro Mercantil mantenido por el Tribunal Comarcal de Barcelona, (colectivamente, \u201cKimedes\u201d o \u201cnosotros\u201d, \u201cnosotros\u201d y otros pronombres similares).<br \/>Correo electr\u00f3nico: info@kimedes.ai<\/p><p>Al utilizar este sitio web, acept\u00e1is esta exenci\u00f3n de responsabilidad \u00edntegramente; en consecuencia, si no est\u00e1is de acuerdo con esta exenci\u00f3n de responsabilidad o con cualquier parte de ella, no tendr\u00e9is que utilizar este sitio web.<\/p><p>2. CONTENIDO De ESTE SITIO WEB<\/p><p>La informaci\u00f3n de este sitio web est\u00e1 destinada a proporcionar a los usuarios informaci\u00f3n general sobre asuntos que incluyen, entre otras cosas, nuestras empresas, oficinas locales y servicios que ofrecemos. A pesar de que se han hecho todos los esfuerzos para ofrecer informaci\u00f3n actual y precisa, pueden producirse errores. El contenido de este sitio web se proporciona \u201ctal cual\u201d, sin garant\u00edas de completesa, exactitud o actualidad, y sin representaciones, garant\u00edas u otras termas contractuales de ning\u00fan tipo, expr\u00e9s o impl\u00edcitas.<\/p><p>A pesar de que Kimedes se esforzar\u00e1 para hacer que este sitio web est\u00e9 disponible en todo momento, no seremos responsables si, por cualquier motivo, el sitio web no est\u00e1 disponible para ning\u00fan periodo de tiempo. El acceso a este sitio web puede suspenderse en cualquier momento sin previo aviso. Nos reservamos el derecho de restringir el acceso a \u00e1reas de nuestro sitio web, o de hecho a todo nuestro sitio web, a nuestra discreci\u00f3n; no tiene que eludir o evitar, o intentar eludir o eludir, cualquier medida de restricci\u00f3n de acceso a nuestro sitio web.<\/p><p>El material colgado en esta web no constituye asesoramiento legal ni de otro tipo profesional. Usted consultar\u00e1 a su asesor profesional para asesoramiento legal o de otro tipo antes de confiar en la informaci\u00f3n puesta en este sitio web. Por la presente se le solicita que tome medidas razonables para verificar la informaci\u00f3n publicada en este sitio web. No se tiene que actuar o abstenerse de actuar sobre la informaci\u00f3n contenida en el sitio web sin antes verificar la informaci\u00f3n y, si procede, obtener asesoramiento legal y\/o profesional.<\/p><p>3. AVISO DE DERECHOS DE PROPIEDAD INTELECTUAL<\/p><p>Todos los derechos de propiedad intelectual del texto, los gr\u00e1ficos, la informaci\u00f3n, los motivos, los logotipos, los dise\u00f1os y las bases de datos contenidas en este sitio web, incluidos los nombres de dominio, la organizaci\u00f3n y la disposici\u00f3n del sitio web y el software utilizado en relaci\u00f3n con el sitio web, son propiedad de Kimedes o sus llicenciants.<\/p><p>Los contenidos de este sitio web no ser\u00e1n copiados, reproducidos, reeditados, descargados, colgados, transmitidos o transmitidos de ninguna forma, excepto para su uso personal y no comercial. Se tiene que obtener el consentimiento previo por escrito del titular de los derechos de autor para cualquier otro uso del material. Ninguna parte de este lugar o subdominios de este sitio web se puede distribuir o copiar con ninguna finalidad comercial.<\/p><p>Nuestro sitio web puede contener materiales los derechos de autor de los cuales son atribuibles a terceros. Si cre\u00e9is que los materiales disponibles a nuestro sitio web infringen vuestros derechos de autor u otros, lo notificar\u00e9is a Kimedes enviando un aviso por escrito a la direcci\u00f3n indicada anteriormente en este art\u00edculo o enviando un correo electr\u00f3nico a info.kimedes.ai. El aviso enviado o enviado de acuerdo con la frase anterior es su \u00fanico y exclusivo remedio. Despu\u00e9s de recibir el aviso, investigaremos, eliminaremos el material (si es necesario), y haremos un intento de buena fe para contactar con el titular de los derechos de autor para resolver el problema.<\/p><p>4. AVISO<br \/>KIMEDES DECLINA EXPRESAMENTE TODA RESPONSABILIDAD POR CUALQUIER ERROR U OMISIONES EN LOS CONTENIDOS CONTENIDOS EN ESTE SITIO WEB. KIMEDES TAMBI\u00c9N DECLINA TODA RESPONSABILIDAD POR CUALQUIER P\u00c9RDIDA O DA\u00d1O DIRECTO, INDIRECTO O CONSIGUIENTE INCURRIDO POR CUALQUIER USUARIO DERIVADO DE CUALQUIER CONFIANZA DEPOSITADA EN LOS MATERIALES PUBLICADOS EN ESTE SITIO WEB. EN LA MEDIDA DE LO POSIBLE, De ACUERDO CON LA LEY APLICABLE, KIMEDES DECLINA TODA RESPONSABILIDAD HACIA USTED Y TODO EL MUNDO RESPECTO AL CONTENIDO De ESTE LUGAR, YA SEA BAJO CUALQUIER TEOR\u00cdA DE TORCIDO, CONTRATO, GARANT\u00cdA, RESPONSABILIDAD ESTRICTA O NEGLIGENCIA O De otro modo, Y SI RESPECTO A LOS DA\u00d1OS DIRECTOS, INDIRECTOS, CONSECUENTES, ESPECIALES, PUNITIVOS O SIMILARES, INCLUSO SI KIMEDES FUE ACONSEJADO, CONOCIDO O TENDR\u00cdA QUE HABER SABIDO DE LA POSIBILIDAD DE ESTOS DA\u00d1OS.<\/p><p>SI CL\u00c1USULA 4.1. De ESTA EXENCI\u00d3N DE RESPONSABILIDADES ES INV\u00c1LIDA O NULA EN VIRTUD DE LAS LEYES APLICABLES, USTED ACEPTA QUE EL TOTAL DE LOS DA\u00d1OS PREVISIBLES QUE (Y) PUEDAN SURGIR DE LA DEPENDENCIA DE LOS MATERIALES PUBLICADOS EN ESTE SITIO WEB, (II) PUEDEN SER INCURRIDAS POR ERRORES U OMISIONES EN LOS CONTENIDOS CONTENIDOS EN ESTE SITIO WEB, (III) USTED PUEDE INCURRIR COMO CONSECUENCIA DE LA INFRACCI\u00d3N DE MARCA ES DE CIENTO (100) EUR. ACEPT\u00c1IS QUE KIMEDES NO SER\u00c1 RESPONSABLE DE NING\u00daN DA\u00d1O DIRECTO, INDIRECTO, ESPECIAL, INCIDENTAL, EJEMPLAR, PUNITIVO O CONSECUENTE O P\u00c9RDIDA DE BENEFICIOS, DATOS U OTROS ACTIVOS INTANGIBLES, QUE SUPEREN LOS CIENTO (100) EUR.<\/p><p>5. TRATAMIENTO DE DATOS<br \/>Al utilizar este sitio web, usted acepta que el material al cual se accede mediante el uso de este sitio web se obtiene totalmente bajo su propio riesgo y que ser\u00e1 totalmente responsable de cualquier da\u00f1o resultante al software o sistemas inform\u00e1ticos y\/o de cualquier p\u00e9rdida de datos resultante, incluso si esta p\u00e9rdida y da\u00f1os eran razonablemente previsibles y Kimedes hab\u00eda sido aconsejado de la posibilidad del mismo.<\/p><p>No se tiene que hacer un mal uso de este sitio web introduciendo conscientemente virus, troyanos, gusanos, bombas l\u00f3gicas u otro material malicioso o tecnol\u00f3gicamente perjudicial. No tiene que intentar obtener acceso no autorizado a este sitio web, al servidor en el cual se almacena este sitio web o a cualquier servidor, ordenador o base de datos conectado a este sitio web. No tiene que atacar el sitio web a trav\u00e9s de un ataque de denegaci\u00f3n de servicio o un ataque de denegaci\u00f3n de servicio distribuido.<\/p><p>Kimedes no ser\u00e1 responsable de ninguna p\u00e9rdida o da\u00f1o causado por un ataque de denegaci\u00f3n de servicio distribuido, virus u otros materiales tecnol\u00f3gicamente nocivos que puedan infectar su equipo inform\u00e1tico, programas inform\u00e1ticos, datos u otro material propietario a causa de su uso de este sitio web o a su descarga de cualquier material publicado en ellos, o en cualquier sitio web vinculado a ellos.<\/p><p>6. DISPOSICIONES FINALES<br \/>Si por cualquier motivo, cualquier disposici\u00f3n aqu\u00ed se encuentra vac\u00eda o inaplicable, se cortar\u00e1 en la medida en que sea nula o inaplicable y las disposiciones restantes continuar\u00e1n en pleno vigor y efecto.<\/p><p>Podemos revisar esta exenci\u00f3n en cualquier momento. Algunas de las disposiciones contenidas en esta exenci\u00f3n de responsabilidad tambi\u00e9n pueden ser sustituidas por disposiciones o avisos publicados en otros lugares del sitio web.<\/p><p>El tratamiento de datos se rige por nuestra Pol\u00edtica de Privacidad disponible a https:\/\/www.kimedes.ai\/es\/politica-de-privacidad<\/p><p>Esta exenci\u00f3n se regir\u00e1 e interpretar\u00e1 de acuerdo con las leyes de Espa\u00f1a y sin tener en cuenta los principios de conflicto de leyes. Todas las controversias o reclamaciones que se deriven de este incumplimiento o en relaci\u00f3n con este incumplimiento ser\u00e1n resueltas definitivamente por los tribunales espa\u00f1oles.<\/p><p>Lo establecido en este aviso legal se aplicar\u00e1 a partir de la fecha efectiva que se indica a continuaci\u00f3n.<\/p><p>Versi\u00f3n, fecha efectiva: 1.0, 12 de agosto de 2025<\/p>\t\t\t\t\t\t\t\t<\/div>\n\t\t\t\t\t<\/div>\n\t\t\t\t<\/div>\n\t\t\t\t<\/div>\n\t\t","protected":false},"excerpt":{"rendered":"<p>1. DISPOSICIONES INICIALES El dominio www.kimedes.ai (\u201ceste sitio web\u201d) es propiedad y operado por KIMEDES ARTIFICIAL INTELLIGENCE, S.L., sociedad de responsabilidad limitada existente en virtud de la legislaci\u00f3n espa\u00f1ola, con domicilio social a Tramontana 92, Arenys de Munt, 08358, Barcelona, CIF B75632604, inscrita en el Registro Mercantil mantenido por el Tribunal Comarcal de Barcelona, (colectivamente, [&hellip;]<\/p>\n","protected":false},"author":2,"featured_media":0,"parent":0,"menu_order":0,"comment_status":"closed","ping_status":"closed","template":"","meta":{"ocean_post_layout":"","ocean_both_sidebars_style":"","ocean_both_sidebars_content_width":0,"ocean_both_sidebars_sidebars_width":0,"ocean_sidebar":"0","ocean_second_sidebar":"0","ocean_disable_margins":"enable","ocean_add_body_class":"","ocean_shortcode_before_top_bar":"","ocean_shortcode_after_top_bar":"","ocean_shortcode_before_header":"","ocean_shortcode_after_header":"","ocean_has_shortcode":"","ocean_shortcode_after_title":"","ocean_shortcode_before_footer_widgets":"","ocean_shortcode_after_footer_widgets":"","ocean_shortcode_before_footer_bottom":"","ocean_shortcode_after_footer_bottom":"","ocean_display_top_bar":"default","ocean_display_header":"default","ocean_header_style":"","ocean_center_header_left_menu":"0","ocean_custom_header_template":"0","ocean_custom_logo":0,"ocean_custom_retina_logo":0,"ocean_custom_logo_max_width":0,"ocean_custom_logo_tablet_max_width":0,"ocean_custom_logo_mobile_max_width":0,"ocean_custom_logo_max_height":0,"ocean_custom_logo_tablet_max_height":0,"ocean_custom_logo_mobile_max_height":0,"ocean_header_custom_menu":"0","ocean_menu_typo_font_family":"0","ocean_menu_typo_font_subset":"","ocean_menu_typo_font_size":0,"ocean_menu_typo_font_size_tablet":0,"ocean_menu_typo_font_size_mobile":0,"ocean_menu_typo_font_size_unit":"px","ocean_menu_typo_font_weight":"","ocean_menu_typo_font_weight_tablet":"","ocean_menu_typo_font_weight_mobile":"","ocean_menu_typo_transform":"","ocean_menu_typo_transform_tablet":"","ocean_menu_typo_transform_mobile":"","ocean_menu_typo_line_height":0,"ocean_menu_typo_line_height_tablet":0,"ocean_menu_typo_line_height_mobile":0,"ocean_menu_typo_line_height_unit":"","ocean_menu_typo_spacing":0,"ocean_menu_typo_spacing_tablet":0,"ocean_menu_typo_spacing_mobile":0,"ocean_menu_typo_spacing_unit":"","ocean_menu_link_color":"","ocean_menu_link_color_hover":"","ocean_menu_link_color_active":"","ocean_menu_link_background":"","ocean_menu_link_hover_background":"","ocean_menu_link_active_background":"","ocean_menu_social_links_bg":"","ocean_menu_social_hover_links_bg":"","ocean_menu_social_links_color":"","ocean_menu_social_hover_links_color":"","ocean_disable_title":"default","ocean_disable_heading":"default","ocean_post_title":"","ocean_post_subheading":"","ocean_post_title_style":"","ocean_post_title_background_color":"","ocean_post_title_background":0,"ocean_post_title_bg_image_position":"","ocean_post_title_bg_image_attachment":"","ocean_post_title_bg_image_repeat":"","ocean_post_title_bg_image_size":"","ocean_post_title_height":0,"ocean_post_title_bg_overlay":0.5,"ocean_post_title_bg_overlay_color":"","ocean_disable_breadcrumbs":"default","ocean_breadcrumbs_color":"","ocean_breadcrumbs_separator_color":"","ocean_breadcrumbs_links_color":"","ocean_breadcrumbs_links_hover_color":"","ocean_display_footer_widgets":"default","ocean_display_footer_bottom":"default","ocean_custom_footer_template":"0","footnotes":""},"class_list":["post-1610","page","type-page","status-publish","hentry","entry"],"_links":{"self":[{"href":"https:\/\/kimedes.ai\/es\/wp-json\/wp\/v2\/pages\/1610","targetHints":{"allow":["GET"]}}],"collection":[{"href":"https:\/\/kimedes.ai\/es\/wp-json\/wp\/v2\/pages"}],"about":[{"href":"https:\/\/kimedes.ai\/es\/wp-json\/wp\/v2\/types\/page"}],"author":[{"embeddable":true,"href":"https:\/\/kimedes.ai\/es\/wp-json\/wp\/v2\/users\/2"}],"replies":[{"embeddable":true,"href":"https:\/\/kimedes.ai\/es\/wp-json\/wp\/v2\/comments?post=1610"}],"version-history":[{"count":11,"href":"https:\/\/kimedes.ai\/es\/wp-json\/wp\/v2\/pages\/1610\/revisions"}],"predecessor-version":[{"id":1621,"href":"https:\/\/kimedes.ai\/es\/wp-json\/wp\/v2\/pages\/1610\/revisions\/1621"}],"wp:attachment":[{"href":"https:\/\/kimedes.ai\/es\/wp-json\/wp\/v2\/media?parent=1610"}],"curies":[{"name":"wp","href":"https:\/\/api.w.org\/{rel}","templated":true}]}}