{"id":1603,"date":"2025-09-25T10:30:56","date_gmt":"2025-09-25T10:30:56","guid":{"rendered":"https:\/\/kimedes.ai\/legal-disclaimer\/"},"modified":"2025-10-31T09:48:49","modified_gmt":"2025-10-31T09:48:49","slug":"avis-legal","status":"publish","type":"page","link":"https:\/\/kimedes.ai\/ca\/avis-legal\/","title":{"rendered":"Av\u00eds legal"},"content":{"rendered":"\t\t<div data-elementor-type=\"wp-page\" data-elementor-id=\"1603\" class=\"elementor elementor-1603 elementor-1211\" data-elementor-post-type=\"page\">\n\t\t\t\t<div class=\"elementor-element elementor-element-ebdef74 e-flex e-con-boxed e-con e-parent\" data-id=\"ebdef74\" data-element_type=\"container\" data-settings=\"{&quot;background_background&quot;:&quot;classic&quot;}\">\n\t\t\t\t\t<div class=\"e-con-inner\">\n\t\t\t\t<div class=\"elementor-element elementor-element-6dd4d45 elementor-widget elementor-widget-heading\" data-id=\"6dd4d45\" data-element_type=\"widget\" data-widget_type=\"heading.default\">\n\t\t\t\t\t<h1 class=\"elementor-heading-title elementor-size-default\">Av\u00eds legal<\/h1>\t\t\t\t<\/div>\n\t\t\t\t\t<\/div>\n\t\t\t\t<\/div>\n\t\t<div class=\"elementor-element elementor-element-241c0a41 e-flex e-con-boxed e-con e-parent\" data-id=\"241c0a41\" data-element_type=\"container\">\n\t\t\t\t\t<div class=\"e-con-inner\">\n\t\t\t\t<div class=\"elementor-element elementor-element-616d630f elementor-widget elementor-widget-text-editor\" data-id=\"616d630f\" data-element_type=\"widget\" data-widget_type=\"text-editor.default\">\n\t\t\t\t\t\t\t\t\t<p>1. DISPOSICIONS INICIALS<\/p><p>El domini www.kimedes.ai (\u201caquest lloc web\u201d) \u00e9s propietat i operat per KIMEDES ARTIFICIAL INTELLIGENCE, S.L., societat de responsabilitat limitada existent en virtut de la legislaci\u00f3 espanyola, amb domicili social a Tramontana 92, Arenys de Munt, 08358, Barcelona, CIF B75632604, inscrita en el Registre Mercantil mantingut pel Tribunal Comarcal de Barcelona, (col\u00b7lectivament, \u201cKimedes\u201d o \u201cnosaltres\u201d, \u201cnosaltres\u201d i altres pronoms similars).<br \/>Correu electr\u00f2nic: info@kimedes.ai<\/p><p>En utilitzar aquest lloc web, accepteu aquesta exempci\u00f3 de responsabilitat \u00edntegrament; en conseq\u00fc\u00e8ncia, si no esteu d&#8217;acord amb aquesta exempci\u00f3 de responsabilitat o amb qualsevol part d&#8217;ella, no haureu d&#8217;utilitzar aquest lloc web.<\/p><p>2. CONTINGUT D&#8217;AQUEST LLOC WEB<\/p><p>La informaci\u00f3 d&#8217;aquest lloc web est\u00e0 destinada a proporcionar als usuaris informaci\u00f3 general sobre assumptes que inclouen, entre altres coses, les nostres empreses, oficines locals i serveis que oferim. Tot i que s&#8217;han fet tots els esfor\u00e7os per oferir informaci\u00f3 actual i precisa, poden produir-se errors. El contingut d&#8217;aquest lloc web es proporciona \u201ctal qual\u201d, sense garanties de completesa, exactitud o actualitat, i sense representacions, garanties o altres termes contractuals de cap tipus, expresses o impl\u00edcites.<\/p><p>Tot i que Kimedes s&#8217;esfor\u00e7ar\u00e0 per fer que aquest lloc web estigui disponible en tot moment, no serem responsables si, per qualsevol motiu, el lloc web no est\u00e0 disponible per a cap per\u00edode de temps. L&#8217;acc\u00e9s a aquest lloc web pot suspendre&#8217;s en qualsevol moment sense previ av\u00eds. Ens reservem el dret de restringir l&#8217;acc\u00e9s a \u00e0rees del nostre lloc web, o de fet a tot el nostre lloc web, a la nostra discreci\u00f3; no ha d&#8217;eludir o evitar, o intentar eludir o eludir, qualsevol mesura de restricci\u00f3 d&#8217;acc\u00e9s al nostre lloc web.<\/p><p>El material penjat en aquesta web no constitueix assessorament legal ni d&#8217;un altre tipus professional. Vost\u00e8 consultar\u00e0 al seu assessor professional per a assessorament legal o d&#8217;un altre tipus abans de confiar en la informaci\u00f3 posada en aquest lloc web. Per la present se li sol\u00b7licita que prengui mesures raonables per verificar la informaci\u00f3 publicada en aquest lloc web. No s&#8217;ha d&#8217;actuar o abstenir-se d&#8217;actuar sobre la informaci\u00f3 continguda en el lloc web sense abans verificar la informaci\u00f3 i, si escau, obtenir assessorament legal i\/o professional.<\/p><p>3. AV\u00cdS DE DRETS DE PROPIETAT INTEL\u00b7LECTUAL<\/p><p>Tots els drets de propietat intel\u00b7lectual del text, els gr\u00e0fics, la informaci\u00f3, els motius, els logotips, els dissenys i les bases de dades contingudes en aquest lloc web, inclosos els noms de domini, l&#8217;organitzaci\u00f3 i la disposici\u00f3 del lloc web i el programari utilitzat en relaci\u00f3 amb el lloc web, s\u00f3n propietat de Kimedes o els seus llicenciants.<\/p><p>Els continguts d&#8217;aquest lloc web no seran copiats, reprodu\u00efts, reeditats, descarregats, penjats, transmesos o transmesos de cap manera, excepte per al seu \u00fas personal i no comercial. S&#8217;ha d&#8217;obtenir el consentiment previ per escrit del titular dels drets d&#8217;autor per a qualsevol altre \u00fas del material. Cap part d&#8217;aquest lloc o subdominis d&#8217;aquest lloc web es pot distribuir o copiar amb cap finalitat comercial.<\/p><p>El nostre lloc web pot contenir materials els drets d&#8217;autor dels quals s\u00f3n atribu\u00efbles a tercers. Si creieu que els materials disponibles al nostre lloc web infringeixen els vostres drets d&#8217;autor o d&#8217;altres, ho notificareu a Kimedes enviant un av\u00eds per escrit a l&#8217;adre\u00e7a indicada anteriorment en aquest article o enviant un correu electr\u00f2nic a info.kimedes.ai. L&#8217;av\u00eds enviat o enviat d&#8217;acord amb la frase anterior \u00e9s el seu \u00fanic i exclusiu remei. Despr\u00e9s de rebre l&#8217;av\u00eds, investigarem, eliminarem el material (si \u00e9s necessari), i farem un intent de bona fe per contactar amb el titular dels drets d&#8217;autor per resoldre el problema.<\/p><p>4. AV\u00cdS<br \/>KIMEDES DECLINA EXPRESSAMENT TOTA RESPONSABILITAT PER QUALSEVOL ERROR O OMISSIONS EN ELS CONTINGUTS CONTINGUTS EN AQUEST LLOC WEB. KIMEDES TAMB\u00c9 DECLINA TOTA RESPONSABILITAT PER QUALSEVOL P\u00c8RDUA O DANY DIRECTE, INDIRECTE O CONSEG\u00dcENT INCORREGUT PER QUALSEVOL USUARI DERIVAT DE QUALSEVOL CONFIAN\u00c7A DIPOSITADA EN ELS MATERIALS PUBLICATS EN AQUEST LLOC WEB. EN LA MESURA QUE SIGUI POSSIBLE, D&#8217;ACORD AMB LA LLEI APLICABLE, KIMEDES DECLINA TOTA RESPONSABILITAT ENVERS VOST\u00c8 I TOTHOM RESPECTE AL CONTINGUT D&#8217;AQUEST LLOC, JA SIGUI SOTA QUALSEVOL TEORIA DE TORT, CONTRACTE, GARANTIA, RESPONSABILITAT ESTRICTA O NEGLIG\u00c8NCIA O D&#8217;UNA ALTRA MANERA, I SI RESPECTE ALS DANYS DIRECTES, INDIRECTES, CONSEQ\u00dcENTS, ESPECIALS, PUNITIUS O SIMILARS, FINS I TOT SI KIMEDES VA SER ACONSELLAT, CONEGUT O HAURIA D&#8217;HAVER SABUT DE LA POSSIBILITAT D&#8217;AQUESTS DANYS.<\/p><p>SI CL\u00c0USULA 4.1. D&#8217;AQUESTA EXEMPCI\u00d3 DE RESPONSABILITATS \u00c9S INV\u00c0LIDA O NUL\u00b7LA EN VIRTUT DE LES LLEIS APLICABLES, VOST\u00c8 ACCEPTA QUE EL TOTAL DELS DANYS PREVISIBLES QUE (I) PUGUIN SORGIR DE LA DEPEND\u00c8NCIA DELS MATERIALS PUBLICATS EN AQUEST LLOC WEB, (II) PODEN SER INCORREGUDES PER ERRORS O OMISSIONS EN ELS CONTINGUTS CONTINGUTS EN AQUEST LLOC WEB, (III) VOST\u00c8 POT INC\u00d3RRER COM A CONSEQ\u00dc\u00c8NCIA DE LA INFRACCI\u00d3 DE MARCA \u00c9S DE CENT (100) EUR. ACCEPTEU QUE KIMEDES NO SER\u00c0 RESPONSABLE DE CAP DANY DIRECTE, INDIRECTE, ESPECIAL, INCIDENTAL, EXEMPLAR, PUNITIU O CONSEQ\u00dcENT O P\u00c8RDUA DE BENEFICIS, DADES O ALTRES ACTIUS INTANGIBLES, QUE SUPERIN ELS CENT (100) EUR.<\/p><p>5. TRACTAMENT DE DADES<br \/>En utilitzar aquest lloc web, vost\u00e8 accepta que el material al qual s&#8217;accedeix mitjan\u00e7ant l&#8217;\u00fas d&#8217;aquest lloc web s&#8217;obt\u00e9 totalment sota el seu propi risc i que ser\u00e0 totalment responsable de qualsevol dany resultant al programari o sistemes inform\u00e0tics i\/o de qualsevol p\u00e8rdua de dades resultant, fins i tot si aquesta p\u00e8rdua i danys eren raonablement previsibles i Kimedes havia estat aconsellat de la possibilitat del mateix.<\/p><p>No s&#8217;ha de fer un mal \u00fas d&#8217;aquest lloc web introduint conscientment virus, troians, cucs, bombes l\u00f2giques o un altre material malici\u00f3s o tecnol\u00f2gicament perjudicial. No ha d&#8217;intentar obtenir acc\u00e9s no autoritzat a aquest lloc web, al servidor en el qual s&#8217;emmagatzema aquest lloc web o a qualsevol servidor, ordinador o base de dades connectat a aquest lloc web. No ha d&#8217;atacar el lloc web a trav\u00e9s d&#8217;un atac de denegaci\u00f3 de servei o un atac de denegaci\u00f3 de servei distribu\u00eft.<\/p><p>Kimedes no ser\u00e0 responsable de cap p\u00e8rdua o dany causat per un atac de denegaci\u00f3 de servei distribu\u00eft, virus o altres materials tecnol\u00f2gicament nocius que puguin infectar el seu equip inform\u00e0tic, programes inform\u00e0tics, dades o un altre material propietari a causa del seu \u00fas d&#8217;aquest lloc web o a la seva desc\u00e0rrega de qualsevol material publicat en ells, o en qualsevol lloc web vinculat a ells.<\/p><p>6. DISPOSICIONS FINALS<br \/>Si per qualsevol motiu, qualsevol disposici\u00f3 aqu\u00ed es troba buida o inaplicable, es tallar\u00e0 en la mesura en qu\u00e8 sigui nul\u00b7la o inaplicable i les disposicions restants continuaran en ple vigor i efecte.<\/p><p>Podem revisar aquesta exempci\u00f3 en qualsevol moment. Algunes de les disposicions contingudes en aquesta exempci\u00f3 de responsabilitat tamb\u00e9 poden ser substitu\u00efdes per disposicions o avisos publicats en altres llocs del lloc web.<\/p><p>El tractament de dades es regeix per la nostra Pol\u00edtica de Privacitat disponible a https:\/\/www.kimedes.ai\/ca\/politica-de-privacitat<\/p><p>Aquesta exempci\u00f3 es regir\u00e0 i interpretar\u00e0 d&#8217;acord amb les lleis d&#8217;Espanya i sense tenir en compte els principis de conflicte de lleis. Totes les controv\u00e8rsies o reclamacions que es derivin d&#8217;aquest incompliment o en relaci\u00f3 amb aquest incompliment seran resoltes definitivament pels tribunals espanyols.<\/p><p>El que s&#8217;estableix en aquest av\u00eds legal s&#8217;aplicar\u00e0 a partir de la data efectiva que s&#8217;indica a continuaci\u00f3.<\/p><p>Versi\u00f3, data efectiva: 1.0, 12 d&#8217;agost de 2025<\/p>\t\t\t\t\t\t\t\t<\/div>\n\t\t\t\t\t<\/div>\n\t\t\t\t<\/div>\n\t\t\t\t<\/div>\n\t\t","protected":false},"excerpt":{"rendered":"<p>1. DISPOSICIONS INICIALS El domini www.kimedes.ai (\u201caquest lloc web\u201d) \u00e9s propietat i operat per KIMEDES ARTIFICIAL INTELLIGENCE, S.L., societat de responsabilitat limitada existent en virtut de la legislaci\u00f3 espanyola, amb domicili social a Tramontana 92, Arenys de Munt, 08358, Barcelona, CIF B75632604, inscrita en el Registre Mercantil mantingut pel Tribunal Comarcal de Barcelona, (col\u00b7lectivament, \u201cKimedes\u201d [&hellip;]<\/p>\n","protected":false},"author":2,"featured_media":0,"parent":0,"menu_order":0,"comment_status":"closed","ping_status":"closed","template":"","meta":{"ocean_post_layout":"","ocean_both_sidebars_style":"","ocean_both_sidebars_content_width":0,"ocean_both_sidebars_sidebars_width":0,"ocean_sidebar":"0","ocean_second_sidebar":"0","ocean_disable_margins":"enable","ocean_add_body_class":"","ocean_shortcode_before_top_bar":"","ocean_shortcode_after_top_bar":"","ocean_shortcode_before_header":"","ocean_shortcode_after_header":"","ocean_has_shortcode":"","ocean_shortcode_after_title":"","ocean_shortcode_before_footer_widgets":"","ocean_shortcode_after_footer_widgets":"","ocean_shortcode_before_footer_bottom":"","ocean_shortcode_after_footer_bottom":"","ocean_display_top_bar":"default","ocean_display_header":"default","ocean_header_style":"","ocean_center_header_left_menu":"0","ocean_custom_header_template":"0","ocean_custom_logo":0,"ocean_custom_retina_logo":0,"ocean_custom_logo_max_width":0,"ocean_custom_logo_tablet_max_width":0,"ocean_custom_logo_mobile_max_width":0,"ocean_custom_logo_max_height":0,"ocean_custom_logo_tablet_max_height":0,"ocean_custom_logo_mobile_max_height":0,"ocean_header_custom_menu":"0","ocean_menu_typo_font_family":"0","ocean_menu_typo_font_subset":"","ocean_menu_typo_font_size":0,"ocean_menu_typo_font_size_tablet":0,"ocean_menu_typo_font_size_mobile":0,"ocean_menu_typo_font_size_unit":"px","ocean_menu_typo_font_weight":"","ocean_menu_typo_font_weight_tablet":"","ocean_menu_typo_font_weight_mobile":"","ocean_menu_typo_transform":"","ocean_menu_typo_transform_tablet":"","ocean_menu_typo_transform_mobile":"","ocean_menu_typo_line_height":0,"ocean_menu_typo_line_height_tablet":0,"ocean_menu_typo_line_height_mobile":0,"ocean_menu_typo_line_height_unit":"","ocean_menu_typo_spacing":0,"ocean_menu_typo_spacing_tablet":0,"ocean_menu_typo_spacing_mobile":0,"ocean_menu_typo_spacing_unit":"","ocean_menu_link_color":"","ocean_menu_link_color_hover":"","ocean_menu_link_color_active":"","ocean_menu_link_background":"","ocean_menu_link_hover_background":"","ocean_menu_link_active_background":"","ocean_menu_social_links_bg":"","ocean_menu_social_hover_links_bg":"","ocean_menu_social_links_color":"","ocean_menu_social_hover_links_color":"","ocean_disable_title":"default","ocean_disable_heading":"default","ocean_post_title":"","ocean_post_subheading":"","ocean_post_title_style":"","ocean_post_title_background_color":"","ocean_post_title_background":0,"ocean_post_title_bg_image_position":"","ocean_post_title_bg_image_attachment":"","ocean_post_title_bg_image_repeat":"","ocean_post_title_bg_image_size":"","ocean_post_title_height":0,"ocean_post_title_bg_overlay":0.5,"ocean_post_title_bg_overlay_color":"","ocean_disable_breadcrumbs":"default","ocean_breadcrumbs_color":"","ocean_breadcrumbs_separator_color":"","ocean_breadcrumbs_links_color":"","ocean_breadcrumbs_links_hover_color":"","ocean_display_footer_widgets":"default","ocean_display_footer_bottom":"default","ocean_custom_footer_template":"0","footnotes":""},"class_list":["post-1603","page","type-page","status-publish","hentry","entry"],"_links":{"self":[{"href":"https:\/\/kimedes.ai\/ca\/wp-json\/wp\/v2\/pages\/1603","targetHints":{"allow":["GET"]}}],"collection":[{"href":"https:\/\/kimedes.ai\/ca\/wp-json\/wp\/v2\/pages"}],"about":[{"href":"https:\/\/kimedes.ai\/ca\/wp-json\/wp\/v2\/types\/page"}],"author":[{"embeddable":true,"href":"https:\/\/kimedes.ai\/ca\/wp-json\/wp\/v2\/users\/2"}],"replies":[{"embeddable":true,"href":"https:\/\/kimedes.ai\/ca\/wp-json\/wp\/v2\/comments?post=1603"}],"version-history":[{"count":7,"href":"https:\/\/kimedes.ai\/ca\/wp-json\/wp\/v2\/pages\/1603\/revisions"}],"predecessor-version":[{"id":1624,"href":"https:\/\/kimedes.ai\/ca\/wp-json\/wp\/v2\/pages\/1603\/revisions\/1624"}],"wp:attachment":[{"href":"https:\/\/kimedes.ai\/ca\/wp-json\/wp\/v2\/media?parent=1603"}],"curies":[{"name":"wp","href":"https:\/\/api.w.org\/{rel}","templated":true}]}}