{"id":1594,"date":"2025-09-02T10:07:03","date_gmt":"2025-09-02T10:07:03","guid":{"rendered":"https:\/\/kimedes.ai\/privacy-policy\/"},"modified":"2025-10-31T09:28:35","modified_gmt":"2025-10-31T09:28:35","slug":"politica-de-privacitat","status":"publish","type":"page","link":"https:\/\/kimedes.ai\/ca\/politica-de-privacitat\/","title":{"rendered":"Pol\u00edtica de privacitat"},"content":{"rendered":"\t\t<div data-elementor-type=\"wp-page\" data-elementor-id=\"1594\" class=\"elementor elementor-1594 elementor-3\" data-elementor-post-type=\"page\">\n\t\t\t\t<div class=\"elementor-element elementor-element-ebdef74 e-flex e-con-boxed e-con e-parent\" data-id=\"ebdef74\" data-element_type=\"container\" data-settings=\"{&quot;background_background&quot;:&quot;classic&quot;}\">\n\t\t\t\t\t<div class=\"e-con-inner\">\n\t\t\t\t<div class=\"elementor-element elementor-element-6dd4d45 elementor-widget elementor-widget-heading\" data-id=\"6dd4d45\" data-element_type=\"widget\" data-widget_type=\"heading.default\">\n\t\t\t\t\t<h1 class=\"elementor-heading-title elementor-size-default\">Pol\u00edtica de privacitat<\/h1>\t\t\t\t<\/div>\n\t\t\t\t\t<\/div>\n\t\t\t\t<\/div>\n\t\t<div class=\"elementor-element elementor-element-241c0a41 e-flex e-con-boxed e-con e-parent\" data-id=\"241c0a41\" data-element_type=\"container\">\n\t\t\t\t\t<div class=\"e-con-inner\">\n\t\t\t\t<div class=\"elementor-element elementor-element-616d630f elementor-widget elementor-widget-text-editor\" data-id=\"616d630f\" data-element_type=\"widget\" data-widget_type=\"text-editor.default\">\n\t\t\t\t\t\t\t\t\t<p>Pol\u00edtica de Privacitat<br \/>Data efectiva: 11 de juliol de 2025<\/p><h3>Introduci\u00f3<\/h3><p>La present Pol\u00edtica de Privacitat ha estat desenvolupada d&#8217;acord amb el que estableix la vigent Llei Org\u00e0nica de Protecci\u00f3 de Dades de Car\u00e0cter Personal, aix\u00ed com el Reglament 2016\/679 del Parlament Europeu i del Consell de 27 d&#8217;abril de 2016, relatiu a la protecci\u00f3 de les persones f\u00edsiques pel que fa al tractament de dades personals i a la lliure circulaci\u00f3 d&#8217;aquestes dades, d&#8217;ara endavant RGPD.<\/p><p>La present Pol\u00edtica de Privacitat t\u00e9 per objecte informar les persones les dades personals de les quals es recullen sobre aspectes concrets del tractament de les seves dades, incloses les finalitats del tractament, els terminis de conservaci\u00f3 de la informaci\u00f3, les dades de contacte per a l&#8217;exercici dels seus drets, i les mesures de seguretat, entre altres.<\/p><h3>Responsable del tractament<\/h3><p>En mat\u00e8ria de protecci\u00f3 de dades, Kimedes Artificial Intelligence S.L. (d&#8217;ara endavant Kimedes) \u00e9s considerat el Responsable del Tractament de les Dades relatives als fitxers\/processaments identificats en aquesta pol\u00edtica, concretament en el Tractament de Dades.<\/p><p>A continuaci\u00f3 es detallen les dades identificatives del titular d&#8217;aquest lloc web:<\/p><p>Responsable del tractament: Kimedes Artificial Intelligence S.L.<br \/>Adre\u00e7a postal: Calle Tramontana 92, 08358 Arenys de Munt, Barcelona, Spain.<br \/>Adre\u00e7a de correu electr\u00f2nic: info@kimedes.ai \u00a0<\/p><p>Tractament de dades<\/p><p>Les dades personals sol\u00b7licitades, si escau, nom\u00e9s consistiran en la informaci\u00f3 estrictament necess\u00e0ria per identificar i donar resposta a la sol\u00b7licitud realitzada per l&#8217;interessat. Aquesta informaci\u00f3 ser\u00e0 tractada de manera justa, l\u00edcita i transparent respecte a l&#8217;interessat. A m\u00e9s, les dades personals es recolliran per a finalitats espec\u00edfiques, expl\u00edcites i leg\u00edtimes, i no es tractaran posteriorment de manera incompatible amb aquestes finalitats.<\/p><p>Les dades recollides de cada persona interessada seran adequades, pertinents i no excessives en relaci\u00f3 amb les finalitats corresponents per a cada cas, i s&#8217;actualitzaran sempre que sigui necessari.<\/p><p>L&#8217;interessat ser\u00e0 informat, amb car\u00e0cter previ a la recollida de les seves dades, dels aspectes generals regulats en aquesta pol\u00edtica amb la finalitat de prestar el consentiment expr\u00e9s, prec\u00eds i inequ\u00edvoc per al tractament de les seves dades, d&#8217;acord amb els seg\u00fcents aspectes.<\/p><h3>Finalitat del tractament de dades<\/h3><p>Les finalitats expl\u00edcites per a les quals es realitza cada tractament de dades s&#8217;indiquen en les cl\u00e0usules informatives incloses en cada m\u00e8tode de recollida de dades (formularis web, formularis en paper, missatges de veu o cartells, i notes informatives).<\/p><p>No obstant aix\u00f2, les dades personals de l&#8217;interessat seran tractades \u00fanicament amb la finalitat de donar una resposta efectiva i atendre les sol\u00b7licituds realitzades per l&#8217;usuari, segons s&#8217;especifiqui al costat de l&#8217;opci\u00f3, servei, formulari o sistema de recollida de dades utilitzat per l&#8217;interessat.<\/p><h3>Legitimaci\u00f3<\/h3><p>Com a norma general, amb car\u00e0cter previ al tractament de les dades personals, Kimedes obt\u00e9 el consentiment expl\u00edcit i inequ\u00edvoc de l&#8217;interessat mitjan\u00e7ant la incorporaci\u00f3 de cl\u00e0usules de consentiment informat als diferents sistemes de recollida d&#8217;informaci\u00f3.<\/p><p>No obstant aix\u00f2, si no es requereix el consentiment de l&#8217;interessat, la base legal per al tractament per part de Kimedes \u00e9s l&#8217;exist\u00e8ncia d&#8217;una llei o reglament espec\u00edfic que autoritza o requereix el tractament de les dades de l&#8217;interessat.<\/p><p>Com a norma general, Kimedes no transfereix ni comunica dades a tercers, excepte per obligaci\u00f3 legal. No obstant aix\u00f2, si fos necessari, aquestes transfer\u00e8ncies o comunicacions de dades es comunicaran a l&#8217;interessat a trav\u00e9s de les cl\u00e0usules de consentiment informat contingudes en els diferents m\u00e8todes de recollida de dades personals.<\/p><h3>Origen<\/h3><p>Com a norma general, les dades personals sempre es recullen directament de l&#8217;interessat. No obstant aix\u00f2, en determinades excepcions, les dades podran ser recollides a trav\u00e9s de tercers, entitats o serveis diferents de l&#8217;interessat. En aquest sentit, aquest es comunicar\u00e0 a l&#8217;interessat a trav\u00e9s de les cl\u00e0usules de consentiment informat contingudes en els diferents m\u00e8todes de recollida de dades i en un termini raonable, una vegada obtingudes les dades, i no m\u00e9s tard d&#8217;un mes.<\/p><h3>Per\u00edodes de retenci\u00f3<\/h3><p>La informaci\u00f3 recollida de l&#8217;interessat es conservar\u00e0 durant el temps necessari per complir amb la finalitat per a la qual es van recollir les dades personals, de manera que una vegada complerta la finalitat, les dades seran suprimides. Aquesta supressi\u00f3 donar\u00e0 lloc al bloqueig de les dades, quedant \u00fanicament a la disposici\u00f3 de les autoritats p\u00fabliques, tribunals i tribunals per a atendre les responsabilitats que es derivin del tractament, durant l&#8217;estatut de limitaci\u00f3 d&#8217;aquestes responsabilitats. Despr\u00e9s d&#8217;aquest per\u00edode, la informaci\u00f3 ser\u00e0 destru\u00efda.<\/p><h3>Navegaci\u00f3 de dades<\/h3><p>Pel que fa a les dades de navegaci\u00f3 que es poden tractar a trav\u00e9s del lloc web, si es recullen dades objecte de normativa, es recomana consultar la Pol\u00edtica de Cookies publicada al nostre lloc web.<\/p><h3>Drets dels interessats<\/h3><p>La normativa de protecci\u00f3 de dades atorga determinats drets als interessats, que s\u00f3n usuaris del lloc web o usuaris dels perfils de xarxes socials de Kimedes.<\/p><p>Els drets que tenen les persones s\u00f3n els seg\u00fcents:<\/p><ul><li>Dret d&#8217;acc\u00e9s: dret a obtenir informaci\u00f3 sobre si es tracten dades personals de la persona interessada, la finalitat del tractament, les categories de dades que es tracten, els destinataris o categories de destinataris, el termini de conservaci\u00f3 i l&#8217;origen d&#8217;aquestes dades.<\/li><li>Dret de rectificaci\u00f3: dret a obtenir la rectificaci\u00f3 de les dades personals inexactes o incompletes.<\/li><li>Dret de supressi\u00f3: dret a obtenir la supressi\u00f3 de les dades en els seg\u00fcents casos:<ul><li>Quan les dades ja no siguin necess\u00e0ries per a les finalitats per a les quals van ser recollides.<\/li><li>Quan l&#8217;interessat retiri el seu consentiment.<\/li><li>Quan l&#8217;interessat s&#8217;oposi al tractament.<\/li><li>Quan les dades s&#8217;hagin de suprimir per complir amb una obligaci\u00f3 legal.<\/li><li>Quan les dades s&#8217;hagin obtingut en el context de la prestaci\u00f3 de serveis de la societat de la informaci\u00f3 basats en l&#8217;apartat 1 de l&#8217;article 8 del Reglament Europeu de Protecci\u00f3 de Dades.<br \/><br \/><\/li><\/ul><\/li><li>Dret d&#8217;oposici\u00f3: dret a oposar-se a un tractament espec\u00edfic basat en el consentiment de l&#8217;interessat.<\/li><li>Dret a la limitaci\u00f3 del tractament: dret a obtenir la limitaci\u00f3 del tractament de les dades en els seg\u00fcents casos:<ul><li>Quan l&#8217;interessat impugni l&#8217;exactitud de les dades personals, durant un termini que permeti a l&#8217;empresa verificar l&#8217;exactitud de les dades.<\/li><li>Quan el tractament sigui il\u00b7l\u00edcit i l&#8217;interessat s&#8217;oposi a la supressi\u00f3 de les dades.<\/li><li>Quan l&#8217;empresa ja no necessiti les dades per a les finalitats per a les quals van ser recollides, per\u00f2 l&#8217;interessat les necessiti per a la formulaci\u00f3, l&#8217;exercici o la defensa de reclamacions.<\/li><li>Quan l&#8217;interessat s&#8217;hagi oposat al tractament, pendent de verificaci\u00f3 de si els motius leg\u00edtims de l&#8217;empresa prevalen sobre els de l&#8217;interessat.<br \/><br \/><\/li><\/ul><\/li><li>Dret a la portabilitat de les dades: dret a rebre les dades personals en un format estructurat, d&#8217;\u00fas com\u00fa i de lectura mec\u00e0nica, i a transmetre-les a un altre responsable del tractament quan:<ul><li>El tractament es basa en el consentiment.<\/li><li>El tractament es realitza per mitjans automatitzats.<br \/><br \/><\/li><\/ul><\/li><li>Dret a presentar una reclamaci\u00f3 davant l&#8217;autoritat de control.<br \/>\u00a0<\/li><\/ul><p>Els interessats podran exercitar els drets esmentats dirigint-se per escrit a Kimedes Artificial Intelligence S.L., dirigit a la seg\u00fcent adre\u00e7a: info@kimedes.ai, indicant el dret que desitgen exercir en la l\u00ednia de l&#8217;assumpte.<\/p><p>En aquest sentit, Kimedes Artificial Intelligence S.L. abordar\u00e0 la seva sol\u00b7licitud al m\u00e9s aviat possible, tenint en compte els terminis establerts en la normativa de protecci\u00f3 de dades.<\/p><h3>Seguretat<\/h3><p>Les mesures de seguretat adoptades per Kimedes s\u00f3n les necess\u00e0ries d&#8217;acord amb l&#8217;article 32 del RGPD. En aquest sentit, Kimedes, tenint en compte l&#8217;estat de la t\u00e8cnica, els costos d&#8217;implementaci\u00f3, la naturalesa, l&#8217;abast, el context i les finalitats del tractament, aix\u00ed com els diversos riscos de probabilitat i gravetat als drets i llibertats de les persones, ha establert les mesures t\u00e8cniques i organitzatives adequades per garantir el nivell de seguretat adequat al risc existent.<\/p><p>En qualsevol cas, Kimedes ha implementat mecanismes suficients per:<\/p><ul><li>Garantir la confidencialitat permanent, integritat, disponibilitat i resili\u00e8ncia dels sistemes i serveis de processament.<\/li><li>Restaurar la disponibilitat i l&#8217;acc\u00e9s a les dades personals r\u00e0pidament en cas d&#8217;incident f\u00edsic o t\u00e8cnic.<\/li><li>Verificar, valorar i avaluar peri\u00f2dicament l&#8217;efic\u00e0cia de les mesures t\u00e8cniques i organitzatives implantades per garantir la seguretat del tractament.<\/li><li>Pseud\u00f2nim i xifrat de dades personals, si escau.<\/li><\/ul>\t\t\t\t\t\t\t\t<\/div>\n\t\t\t\t\t<\/div>\n\t\t\t\t<\/div>\n\t\t\t\t<\/div>\n\t\t","protected":false},"excerpt":{"rendered":"<p>Pol\u00edtica de Privacitat Data efectiva: 11 de juliol de 2025 Introduci\u00f3 La present Pol\u00edtica de Privacitat ha estat desenvolupada d&#8217;acord amb el que estableix la vigent Llei Org\u00e0nica de Protecci\u00f3 de Dades de Car\u00e0cter Personal, aix\u00ed com el Reglament 2016\/679 del Parlament Europeu i del Consell de 27 d&#8217;abril de 2016, relatiu a la protecci\u00f3 [&hellip;]<\/p>\n","protected":false},"author":1,"featured_media":0,"parent":0,"menu_order":0,"comment_status":"closed","ping_status":"closed","template":"","meta":{"ocean_post_layout":"","ocean_both_sidebars_style":"","ocean_both_sidebars_content_width":0,"ocean_both_sidebars_sidebars_width":0,"ocean_sidebar":"0","ocean_second_sidebar":"0","ocean_disable_margins":"enable","ocean_add_body_class":"","ocean_shortcode_before_top_bar":"","ocean_shortcode_after_top_bar":"","ocean_shortcode_before_header":"","ocean_shortcode_after_header":"","ocean_has_shortcode":"","ocean_shortcode_after_title":"","ocean_shortcode_before_footer_widgets":"","ocean_shortcode_after_footer_widgets":"","ocean_shortcode_before_footer_bottom":"","ocean_shortcode_after_footer_bottom":"","ocean_display_top_bar":"default","ocean_display_header":"default","ocean_header_style":"","ocean_center_header_left_menu":"0","ocean_custom_header_template":"0","ocean_custom_logo":0,"ocean_custom_retina_logo":0,"ocean_custom_logo_max_width":0,"ocean_custom_logo_tablet_max_width":0,"ocean_custom_logo_mobile_max_width":0,"ocean_custom_logo_max_height":0,"ocean_custom_logo_tablet_max_height":0,"ocean_custom_logo_mobile_max_height":0,"ocean_header_custom_menu":"0","ocean_menu_typo_font_family":"0","ocean_menu_typo_font_subset":"","ocean_menu_typo_font_size":0,"ocean_menu_typo_font_size_tablet":0,"ocean_menu_typo_font_size_mobile":0,"ocean_menu_typo_font_size_unit":"px","ocean_menu_typo_font_weight":"","ocean_menu_typo_font_weight_tablet":"","ocean_menu_typo_font_weight_mobile":"","ocean_menu_typo_transform":"","ocean_menu_typo_transform_tablet":"","ocean_menu_typo_transform_mobile":"","ocean_menu_typo_line_height":0,"ocean_menu_typo_line_height_tablet":0,"ocean_menu_typo_line_height_mobile":0,"ocean_menu_typo_line_height_unit":"","ocean_menu_typo_spacing":0,"ocean_menu_typo_spacing_tablet":0,"ocean_menu_typo_spacing_mobile":0,"ocean_menu_typo_spacing_unit":"","ocean_menu_link_color":"","ocean_menu_link_color_hover":"","ocean_menu_link_color_active":"","ocean_menu_link_background":"","ocean_menu_link_hover_background":"","ocean_menu_link_active_background":"","ocean_menu_social_links_bg":"","ocean_menu_social_hover_links_bg":"","ocean_menu_social_links_color":"","ocean_menu_social_hover_links_color":"","ocean_disable_title":"default","ocean_disable_heading":"default","ocean_post_title":"","ocean_post_subheading":"","ocean_post_title_style":"","ocean_post_title_background_color":"","ocean_post_title_background":0,"ocean_post_title_bg_image_position":"","ocean_post_title_bg_image_attachment":"","ocean_post_title_bg_image_repeat":"","ocean_post_title_bg_image_size":"","ocean_post_title_height":0,"ocean_post_title_bg_overlay":0.5,"ocean_post_title_bg_overlay_color":"","ocean_disable_breadcrumbs":"default","ocean_breadcrumbs_color":"","ocean_breadcrumbs_separator_color":"","ocean_breadcrumbs_links_color":"","ocean_breadcrumbs_links_hover_color":"","ocean_display_footer_widgets":"default","ocean_display_footer_bottom":"default","ocean_custom_footer_template":"0","footnotes":""},"class_list":["post-1594","page","type-page","status-publish","hentry","entry"],"_links":{"self":[{"href":"https:\/\/kimedes.ai\/ca\/wp-json\/wp\/v2\/pages\/1594","targetHints":{"allow":["GET"]}}],"collection":[{"href":"https:\/\/kimedes.ai\/ca\/wp-json\/wp\/v2\/pages"}],"about":[{"href":"https:\/\/kimedes.ai\/ca\/wp-json\/wp\/v2\/types\/page"}],"author":[{"embeddable":true,"href":"https:\/\/kimedes.ai\/ca\/wp-json\/wp\/v2\/users\/1"}],"replies":[{"embeddable":true,"href":"https:\/\/kimedes.ai\/ca\/wp-json\/wp\/v2\/comments?post=1594"}],"version-history":[{"count":7,"href":"https:\/\/kimedes.ai\/ca\/wp-json\/wp\/v2\/pages\/1594\/revisions"}],"predecessor-version":[{"id":1602,"href":"https:\/\/kimedes.ai\/ca\/wp-json\/wp\/v2\/pages\/1594\/revisions\/1602"}],"wp:attachment":[{"href":"https:\/\/kimedes.ai\/ca\/wp-json\/wp\/v2\/media?parent=1594"}],"curies":[{"name":"wp","href":"https:\/\/api.w.org\/{rel}","templated":true}]}}